{"id":975,"date":"2021-10-01T15:06:27","date_gmt":"2021-10-01T15:06:27","guid":{"rendered":"https:\/\/hkc-core.com\/?page_id=975"},"modified":"2021-10-11T15:21:46","modified_gmt":"2021-10-11T15:21:46","slug":"cookie-policy","status":"publish","type":"page","link":"https:\/\/hkc-core.com\/es\/cookie-policy\/","title":{"rendered":"Pol\u00edtica de Cookies"},"content":{"rendered":"<div data-elementor-type=\"wp-page\" data-elementor-id=\"975\" class=\"elementor elementor-975\">\n\t\t\t\t\t\t<section class=\"elementor-section elementor-top-section elementor-element elementor-element-9fcb549 elementor-section-boxed elementor-section-height-default elementor-section-height-default\" data-id=\"9fcb549\" data-element_type=\"section\">\n\t\t\t\t\t\t<div class=\"elementor-container elementor-column-gap-default\">\n\t\t\t\t\t<div class=\"elementor-column elementor-col-100 elementor-top-column elementor-element elementor-element-62e45d6\" data-id=\"62e45d6\" data-element_type=\"column\">\n\t\t\t<div class=\"elementor-widget-wrap elementor-element-populated\">\n\t\t\t\t\t\t<div class=\"elementor-element elementor-element-2e25413 elementor-widget elementor-widget-text-editor\" data-id=\"2e25413\" data-element_type=\"widget\" data-widget_type=\"text-editor.default\">\n\t\t\t\t<div class=\"elementor-widget-container\">\n\t\t\t\t\t\t\t<p>HK C. Core informs customers that it respects the applicable legislation on the protection of personal data, customers and the secrecy and security of the data, adopting the necessary technical and organizational measures to prevent the loss, misuse, alteration, unauthorized access and riskof the personaldata provided, taking into account the state of technology, the nature of the data and the risks to which they are exposed.<\/p><p>HK C. Core is committed to GDPR compliance across the enterprise, and we have already implemented and evaluated the latest requirements and limitations imposed by GDPR.<\/p><p>Nos comprometemos a garantizar la protecci\u00f3n de su privacidad de forma ordenada.<\/p><p>By accepting this privacy policy, you confirm the timeliness and accuracy of your personal data, and consent to the disclosure of your personal data so that we can provide services, close sales, run marketing campaigns and enable the operation of the HK C. Core platform. This online privacy policy applies only to information collected through our website and not to information collected offline.<\/p><p><strong>INFORMACI\u00d3N RECOPILADA<\/strong><\/p><p>HK C. Core will treat the data in accordance with the quality principles required by the applicable legislation, confidentially and with the necessary security measures.<\/p><p>The personal data provided on the website will be recorded in a file owned by HK C. Core in order to carry out the provision of the services offered, as well as to send by any means, including email, offers of products and \/ or services of our company, improve commercial relations and manage the requests made by our customers.<\/p><p>The simple fact that the user sends their personal data to HK C. Core will imply the user\u2019s consent for its incorporation into the file and its corresponding treatment.<\/p><p>The user may revoke the consent given, without having retroactive effects, and exercise the rights of access, rectification, cancellation and opposition by accessing the personal data management page that HK C. Core makes available in the welcome and confirmation of the registration email and in each of the emails received, always located at the bottom of the page under the label \u201csubscription management.\u201d<\/p><p>The user guarantees that the personal data provided to HK C. Core is true and is responsible for informing HK C. Core of any changes so that it responds to the user\u2019s current situation at all times.<\/p><p><strong>INFORMACI\u00d3N DE CONTACTO<\/strong><\/p><p>Your privacy is important to HK C. Core, so whether you are new to HK C. Core or a long-time user, take the time to learn about our practices.<\/p><p>Si tiene preguntas o dudas sobre esta pol\u00edtica de privacidad, debe ponerse en contacto con nosotros por correo electr\u00f3nico en info@hkc-core.com o en nuestra p\u00e1gina de contacto.<\/p>\t\t\t\t\t\t<\/div>\n\t\t\t\t<\/div>\n\t\t\t\t\t<\/div>\n\t\t<\/div>\n\t\t\t\t\t<\/div>\n\t\t<\/section>\n\t\t\t\t<\/div>","protected":false},"excerpt":{"rendered":"<p>HK C. Core informs customers that it respects the applicable legislation on the protection of personal data, customers and the secrecy and security of the data, adopting the necessary technical and organizational measures to prevent the loss, misuse, alteration, unauthorized access and riskof the personaldata provided, taking into account the state of technology, the nature [&hellip;]<\/p>","protected":false},"author":2,"featured_media":0,"parent":0,"menu_order":0,"comment_status":"closed","ping_status":"closed","template":"","meta":{"_monsterinsights_skip_tracking":false,"_monsterinsights_sitenote_active":false,"_monsterinsights_sitenote_note":"","_monsterinsights_sitenote_category":0,"footnotes":""},"class_list":["post-975","page","type-page","status-publish","hentry"],"yoast_head":"<!-- This site is optimized with the Yoast SEO plugin v24.4 - https:\/\/yoast.com\/wordpress\/plugins\/seo\/ -->\n<title>Cookie Policy - HK C.Core<\/title>\n<meta name=\"robots\" content=\"index, follow, max-snippet:-1, max-image-preview:large, max-video-preview:-1\" \/>\n<link rel=\"canonical\" href=\"https:\/\/hkc-core.com\/es\/cookie-policy\/\" \/>\n<meta property=\"og:locale\" content=\"es_ES\" \/>\n<meta property=\"og:type\" content=\"article\" \/>\n<meta property=\"og:title\" content=\"Cookie Policy - HK C.Core\" \/>\n<meta property=\"og:description\" content=\"HK C. Core informs customers that it respects the applicable legislation on the protection of personal data, customers and the secrecy and security of the data, adopting the necessary technical and organizational measures to prevent the loss, misuse, alteration, unauthorized access and riskof the personaldata provided, taking into account the state of technology, the nature [&hellip;]\" \/>\n<meta property=\"og:url\" content=\"https:\/\/hkc-core.com\/es\/cookie-policy\/\" \/>\n<meta property=\"og:site_name\" content=\"HK C.Core\" \/>\n<meta property=\"article:modified_time\" content=\"2021-10-11T15:21:46+00:00\" \/>\n<meta name=\"twitter:card\" content=\"summary_large_image\" \/>\n<meta name=\"twitter:label1\" content=\"Tiempo de lectura\" \/>\n\t<meta name=\"twitter:data1\" content=\"2 minutos\" \/>\n<script type=\"application\/ld+json\" class=\"yoast-schema-graph\">{\"@context\":\"https:\/\/schema.org\",\"@graph\":[{\"@type\":\"WebPage\",\"@id\":\"https:\/\/hkc-core.com\/cookie-policy\/\",\"url\":\"https:\/\/hkc-core.com\/cookie-policy\/\",\"name\":\"Cookie Policy - HK C.Core\",\"isPartOf\":{\"@id\":\"https:\/\/hkc-core.com\/#website\"},\"datePublished\":\"2021-10-01T15:06:27+00:00\",\"dateModified\":\"2021-10-11T15:21:46+00:00\",\"breadcrumb\":{\"@id\":\"https:\/\/hkc-core.com\/cookie-policy\/#breadcrumb\"},\"inLanguage\":\"es\",\"potentialAction\":[{\"@type\":\"ReadAction\",\"target\":[\"https:\/\/hkc-core.com\/cookie-policy\/\"]}]},{\"@type\":\"BreadcrumbList\",\"@id\":\"https:\/\/hkc-core.com\/cookie-policy\/#breadcrumb\",\"itemListElement\":[{\"@type\":\"ListItem\",\"position\":1,\"name\":\"Home\",\"item\":\"https:\/\/hkc-core.com\/\"},{\"@type\":\"ListItem\",\"position\":2,\"name\":\"Cookie Policy\"}]},{\"@type\":\"WebSite\",\"@id\":\"https:\/\/hkc-core.com\/#website\",\"url\":\"https:\/\/hkc-core.com\/\",\"name\":\"HK C.Core\",\"description\":\"Secure, reliable and cost-effective trading solutions\",\"potentialAction\":[{\"@type\":\"SearchAction\",\"target\":{\"@type\":\"EntryPoint\",\"urlTemplate\":\"https:\/\/hkc-core.com\/?s={search_term_string}\"},\"query-input\":{\"@type\":\"PropertyValueSpecification\",\"valueRequired\":true,\"valueName\":\"search_term_string\"}}],\"inLanguage\":\"es\"}]}<\/script>\n<!-- \/ Yoast SEO plugin. -->","yoast_head_json":{"title":"Cookie Policy - HK C.Core","robots":{"index":"index","follow":"follow","max-snippet":"max-snippet:-1","max-image-preview":"max-image-preview:large","max-video-preview":"max-video-preview:-1"},"canonical":"https:\/\/hkc-core.com\/es\/cookie-policy\/","og_locale":"es_ES","og_type":"article","og_title":"Cookie Policy - HK C.Core","og_description":"HK C. Core informs customers that it respects the applicable legislation on the protection of personal data, customers and the secrecy and security of the data, adopting the necessary technical and organizational measures to prevent the loss, misuse, alteration, unauthorized access and riskof the personaldata provided, taking into account the state of technology, the nature [&hellip;]","og_url":"https:\/\/hkc-core.com\/es\/cookie-policy\/","og_site_name":"HK C.Core","article_modified_time":"2021-10-11T15:21:46+00:00","twitter_card":"summary_large_image","twitter_misc":{"Tiempo de lectura":"2 minutos"},"schema":{"@context":"https:\/\/schema.org","@graph":[{"@type":"WebPage","@id":"https:\/\/hkc-core.com\/cookie-policy\/","url":"https:\/\/hkc-core.com\/cookie-policy\/","name":"Cookie Policy - HK C.Core","isPartOf":{"@id":"https:\/\/hkc-core.com\/#website"},"datePublished":"2021-10-01T15:06:27+00:00","dateModified":"2021-10-11T15:21:46+00:00","breadcrumb":{"@id":"https:\/\/hkc-core.com\/cookie-policy\/#breadcrumb"},"inLanguage":"es","potentialAction":[{"@type":"ReadAction","target":["https:\/\/hkc-core.com\/cookie-policy\/"]}]},{"@type":"BreadcrumbList","@id":"https:\/\/hkc-core.com\/cookie-policy\/#breadcrumb","itemListElement":[{"@type":"ListItem","position":1,"name":"Home","item":"https:\/\/hkc-core.com\/"},{"@type":"ListItem","position":2,"name":"Cookie Policy"}]},{"@type":"WebSite","@id":"https:\/\/hkc-core.com\/#website","url":"https:\/\/hkc-core.com\/","name":"HK C.Core","description":"Secure, reliable and cost-effective trading solutions","potentialAction":[{"@type":"SearchAction","target":{"@type":"EntryPoint","urlTemplate":"https:\/\/hkc-core.com\/?s={search_term_string}"},"query-input":{"@type":"PropertyValueSpecification","valueRequired":true,"valueName":"search_term_string"}}],"inLanguage":"es"}]}},"_links":{"self":[{"href":"https:\/\/hkc-core.com\/es\/wp-json\/wp\/v2\/pages\/975","targetHints":{"allow":["GET"]}}],"collection":[{"href":"https:\/\/hkc-core.com\/es\/wp-json\/wp\/v2\/pages"}],"about":[{"href":"https:\/\/hkc-core.com\/es\/wp-json\/wp\/v2\/types\/page"}],"author":[{"embeddable":true,"href":"https:\/\/hkc-core.com\/es\/wp-json\/wp\/v2\/users\/2"}],"replies":[{"embeddable":true,"href":"https:\/\/hkc-core.com\/es\/wp-json\/wp\/v2\/comments?post=975"}],"version-history":[{"count":11,"href":"https:\/\/hkc-core.com\/es\/wp-json\/wp\/v2\/pages\/975\/revisions"}],"predecessor-version":[{"id":1183,"href":"https:\/\/hkc-core.com\/es\/wp-json\/wp\/v2\/pages\/975\/revisions\/1183"}],"wp:attachment":[{"href":"https:\/\/hkc-core.com\/es\/wp-json\/wp\/v2\/media?parent=975"}],"curies":[{"name":"wp","href":"https:\/\/api.w.org\/{rel}","templated":true}]}}