{"id":970,"date":"2021-10-01T15:02:01","date_gmt":"2021-10-01T15:02:01","guid":{"rendered":"https:\/\/hkc-core.com\/?page_id=970"},"modified":"2021-10-11T15:20:02","modified_gmt":"2021-10-11T15:20:02","slug":"terms-and-conditions","status":"publish","type":"page","link":"https:\/\/hkc-core.com\/es\/terms-and-conditions\/","title":{"rendered":"T\u00e9rminos y Condiciones"},"content":{"rendered":"<div data-elementor-type=\"wp-page\" data-elementor-id=\"970\" class=\"elementor elementor-970\">\n\t\t\t\t\t\t<section class=\"elementor-section elementor-top-section elementor-element elementor-element-01712cf elementor-section-boxed elementor-section-height-default elementor-section-height-default\" data-id=\"01712cf\" data-element_type=\"section\">\n\t\t\t\t\t\t<div class=\"elementor-container elementor-column-gap-default\">\n\t\t\t\t\t<div class=\"elementor-column elementor-col-100 elementor-top-column elementor-element elementor-element-c7b1022\" data-id=\"c7b1022\" data-element_type=\"column\">\n\t\t\t<div class=\"elementor-widget-wrap elementor-element-populated\">\n\t\t\t\t\t\t<div class=\"elementor-element elementor-element-34e4570 elementor-widget elementor-widget-text-editor\" data-id=\"34e4570\" data-element_type=\"widget\" data-widget_type=\"text-editor.default\">\n\t\t\t\t<div class=\"elementor-widget-container\">\n\t\t\t\t\t\t\t<p>Bienvenido a <strong>www.hkc-core.com<\/strong>.  Al utilizar uno de nuestros sitios web (\"Sitio\"), usted acepta cumplir y quedar obligado por los siguientes t\u00e9rminos y condiciones de uso, que junto con nuestro Aviso de Privacidad que rigen la relaci\u00f3n entre usted y\u00a0<strong>HK C. Core<\/strong> (\u201c<strong>HK C. Core<\/strong>\u201d), provider of the Site, in your use of the Site. The terms \u201cProvider\u201d or \u201cus\u201d or \u201cwe\u201d refer to the owner of the Site, <strong>HK C. Core<\/strong> Enterprises Ltd. The term \u201cyou\u201d refers to the user or viewer of our Site.<\/p><p><strong>El uso del Sitio est\u00e1 sujeto a las siguientes condiciones de uso:<\/strong><\/p><ul><li>\u2022 El contenido de las p\u00e1ginas del Sitio y la informaci\u00f3n disponible en el mismo es s\u00f3lo para su informaci\u00f3n y uso general. Est\u00e1 sujeto a cambios sin previo aviso.<\/li><li>\u2022 El uso que usted haga de cualquier informaci\u00f3n o material en el Sitio del Proveedor es enteramente bajo su propio riesgo, por lo que no seremos responsables. Ser\u00e1 su responsabilidad asegurarse de que cualquier producto, servicio o informaci\u00f3n disponible a trav\u00e9s de este Sitio cumple con sus requisitos espec\u00edficos.<\/li><\/ul><p><strong>Adem\u00e1s, al acceder y utilizar nuestro Sitio, usted acepta someterse a los t\u00e9rminos que se encuentran en nuestro Aviso de Privacidad.<\/strong><\/p><p>Las marcas comerciales, logotipos y marcas de servicio (\"Marcas\") que aparecen en el Sitio son propiedad del Proveedor y\/o de otras partes. Se proh\u00edbe el uso de las Marcas para cualquier fin, incluido, entre otros, su uso como metaetiquetas en otras p\u00e1ginas o Sitios de la \"World Wide Web\" sin el permiso por escrito del Proveedor o del tercero que pueda ser propietario de las Marcas. Toda la informaci\u00f3n y el contenido del Sitio est\u00e1n protegidos por derechos de autor. Est\u00e1 prohibido modificar, copiar, distribuir, transmitir, mostrar, publicar, vender, conceder licencias, crear trabajos derivados o utilizar cualquier Contenido disponible en el Sitio o a trav\u00e9s de \u00e9l con fines comerciales o p\u00fablicos. El uso no autorizado del Sitio del Proveedor puede dar lugar a una reclamaci\u00f3n por da\u00f1os y perjuicios y\/o constituir un delito.<\/p><p>Este sitio puede proporcionar enlaces a otros sitios, permiti\u00e9ndole salir de este sitio para acceder a material de terceros o trayendo material de terceros a este sitio a trav\u00e9s de hiperv\u00ednculos \"inversos\" y tecnolog\u00eda de enmarcado (un \"sitio enlazado\"). El proveedor no tiene la facultad de modificar, actualizar o controlar el contenido de un Sitio vinculado.<\/p><p>El hecho de que el Proveedor haya proporcionado un enlace a un Sitio no supone un respaldo, autorizaci\u00f3n, patrocinio o afiliaci\u00f3n con respecto a dicho Sitio, sus propietarios o sus proveedores. Existen riesgos inherentes al hecho de confiar, utilizar o recuperar cualquier informaci\u00f3n que se encuentre en Internet. El Proveedor le insta a que se asegure de que comprende estos riesgos antes de confiar, utilizar o recuperar cualquier informaci\u00f3n de un sitio enlazado.<\/p><p>A menos que se indique expl\u00edcitamente lo contrario, todos los contenidos, productos y servicios del Sitio, u obtenidos de un Sitio al que est\u00e9 vinculado el Sitio (un \"Sitio Vinculado\"), se le proporcionan \"tal cual\", sin garant\u00eda de ning\u00fan tipo, ya sea expresa o impl\u00edcita, incluidas, pero sin limitarse a ellas, las garant\u00edas impl\u00edcitas de comerciabilidad e idoneidad para un fin determinado, t\u00edtulo, no infracci\u00f3n, seguridad o exactitud.<\/p><p>El Proveedor no respalda y no es responsable de (a) la exactitud o fiabilidad de cualquier opini\u00f3n, consejo o declaraci\u00f3n realizada a trav\u00e9s del Sitio por cualquier parte que no sea el Proveedor, (b) cualquier contenido proporcionado en Sitios enlazados o (c) las capacidades o fiabilidad de cualquier producto o servicio obtenido de un Sitio enlazado. Aparte de lo exigido por la legislaci\u00f3n aplicable en materia de protecci\u00f3n del consumidor, el Proveedor no ser\u00e1 responsable en ning\u00fan caso de las p\u00e9rdidas o da\u00f1os causados por su confianza en la informaci\u00f3n obtenida a trav\u00e9s del Sitio o de un Sitio enlazado o por su apoyo a cualquier producto o servicio obtenido de un Sitio enlazado. Usted es responsable de evaluar la exactitud, integridad o utilidad de cualquier opini\u00f3n, consejo u otro contenido disponible a trav\u00e9s del Sitio u obtenido de un Sitio vinculado. Le rogamos que solicite el asesoramiento de profesionales, seg\u00fan proceda, en relaci\u00f3n con la evaluaci\u00f3n de cualquier opini\u00f3n, consejo, producto, servicio u otro contenido espec\u00edfico.<\/p><p>Usted acepta que el Proveedor, sus filiales y cualquiera de sus respectivos funcionarios, directores, empleados o agentes no ser\u00e1n responsables, ya sea por contrato, agravio, responsabilidad estricta o de otro modo, de ning\u00fan da\u00f1o indirecto, punitivo, especial, consecuente, incidental o indirecto (incluyendo, sin limitaci\u00f3n, la p\u00e9rdida de beneficios, el coste de la obtenci\u00f3n de un servicio sustitutivo o la p\u00e9rdida de oportunidades) que surja de o en relaci\u00f3n con el retraso o la imposibilidad de utilizar el Sitio o un Sitio vinculado, o con el retraso o la imposibilidad de utilizar el Sitio o un Sitio vinculado, incluso si el Proveedor es consciente de la posibilidad de tales da\u00f1os. Esta limitaci\u00f3n de la responsabilidad incluye, pero no se limita a, la transmisi\u00f3n de cualquier virus que pueda infectar su equipo, el fallo del equipo mec\u00e1nico o electr\u00f3nico o de las l\u00edneas de comunicaci\u00f3n, los problemas telef\u00f3nicos o de interconexi\u00f3n (por ejemplo, que no pueda acceder a su proveedor de servicios de Internet), el acceso no autorizado, el robo, los errores del operador, las huelgas u otros problemas laborales o cualquier causa de fuerza mayor. El Proveedor no puede garantizar y no garantiza un acceso continuo, ininterrumpido o seguro al Sitio.<\/p><p>El Proveedor puede contratar a otras empresas o personas para prestarle servicios. Usted acepta que el Proveedor no puede ser considerado responsable de las acciones o inacciones de cualquier contratista utilizado por el Proveedor para proporcionarle servicios.<\/p><p>El Proveedor puede cancelar su acceso al Sitio sin causa ni aviso, lo que puede dar lugar a la confiscaci\u00f3n y destrucci\u00f3n de toda la informaci\u00f3n asociada a su cuenta. Todas las disposiciones de las Condiciones b\u00e1sicas de uso que, por su naturaleza, deban sobrevivir a la rescisi\u00f3n, seguir\u00e1n vigentes, incluidas, entre otras, las exenciones de garant\u00eda y las limitaciones de responsabilidad.<\/p><p>Estas Condiciones b\u00e1sicas de uso y el resto del material referenciado constituyen el acuerdo completo entre usted y el Proveedor en relaci\u00f3n con el Sitio y sustituyen a todas las comunicaciones y propuestas anteriores o contempor\u00e1neas (ya sean orales, escritas o electr\u00f3nicas) entre usted y el Proveedor en relaci\u00f3n con el Sitio y rigen la relaci\u00f3n futura en lo que respecta a su uso del Sitio. Usted puede optar por celebrar un contrato o una propuesta de producci\u00f3n de bienes con el Proveedor como resultado de su uso de este Sitio, y, si es as\u00ed, los t\u00e9rminos de ese contrato o recomendaci\u00f3n, en la medida en que difieran de estas Condiciones B\u00e1sicas de Uso, ser\u00e1n determinantes. Supongamos que alguna de las disposiciones de las Condiciones b\u00e1sicas de uso se considera inaplicable o inv\u00e1lida. En ese caso, dicha disposici\u00f3n se limitar\u00e1 o eliminar\u00e1 en la medida m\u00ednima necesaria para que las Condiciones b\u00e1sicas de uso sigan siendo plenamente vigentes y aplicables. El hecho de que cualquiera de las partes no ejerza en cualquier aspecto cualquier derecho previsto en el presente documento no se considerar\u00e1 una renuncia a cualquier otro derecho en virtud del mismo.<\/p><p>El Proveedor puede ceder este acuerdo sin su consentimiento en su totalidad o en parte a su entera discreci\u00f3n.<\/p><p>Al utilizar el Sitio, usted declara y garantiza que es mayor de 18 a\u00f1os.<\/p>\t\t\t\t\t\t<\/div>\n\t\t\t\t<\/div>\n\t\t\t\t\t<\/div>\n\t\t<\/div>\n\t\t\t\t\t<\/div>\n\t\t<\/section>\n\t\t\t\t<\/div>","protected":false},"excerpt":{"rendered":"<p>Welcome to www.hkc-core.com.\u00a0 By using one of our websites (\u201cSite\u201d), you are agreeing to comply with and be bound by the following terms and conditions of use, which together with our Privacy Notice govern the relationship between you and\u00a0HK C. Core (\u201cHK C. Core\u201d), provider of the Site, in your use of the Site. The [&hellip;]<\/p>","protected":false},"author":2,"featured_media":0,"parent":0,"menu_order":0,"comment_status":"closed","ping_status":"closed","template":"","meta":{"_monsterinsights_skip_tracking":false,"_monsterinsights_sitenote_active":false,"_monsterinsights_sitenote_note":"","_monsterinsights_sitenote_category":0,"footnotes":""},"class_list":["post-970","page","type-page","status-publish","hentry"],"yoast_head":"<!-- This site is optimized with the Yoast SEO plugin v24.4 - https:\/\/yoast.com\/wordpress\/plugins\/seo\/ -->\n<title>Terms and Conditions - HK C.Core<\/title>\n<meta name=\"robots\" content=\"index, follow, max-snippet:-1, max-image-preview:large, max-video-preview:-1\" \/>\n<link rel=\"canonical\" href=\"https:\/\/hkc-core.com\/es\/terms-and-conditions\/\" \/>\n<meta property=\"og:locale\" content=\"es_ES\" \/>\n<meta property=\"og:type\" content=\"article\" \/>\n<meta property=\"og:title\" content=\"Terms and Conditions - HK C.Core\" \/>\n<meta property=\"og:description\" content=\"Welcome to www.hkc-core.com.\u00a0 By using one of our websites (\u201cSite\u201d), you are agreeing to comply with and be bound by the following terms and conditions of use, which together with our Privacy Notice govern the relationship between you and\u00a0HK C. Core (\u201cHK C. Core\u201d), provider of the Site, in your use of the Site. The [&hellip;]\" \/>\n<meta property=\"og:url\" content=\"https:\/\/hkc-core.com\/es\/terms-and-conditions\/\" \/>\n<meta property=\"og:site_name\" content=\"HK C.Core\" \/>\n<meta property=\"article:modified_time\" content=\"2021-10-11T15:20:02+00:00\" \/>\n<meta name=\"twitter:card\" content=\"summary_large_image\" \/>\n<meta name=\"twitter:label1\" content=\"Tiempo de lectura\" \/>\n\t<meta name=\"twitter:data1\" content=\"5 minutos\" \/>\n<script type=\"application\/ld+json\" class=\"yoast-schema-graph\">{\"@context\":\"https:\/\/schema.org\",\"@graph\":[{\"@type\":\"WebPage\",\"@id\":\"https:\/\/hkc-core.com\/terms-and-conditions\/\",\"url\":\"https:\/\/hkc-core.com\/terms-and-conditions\/\",\"name\":\"Terms and Conditions - HK C.Core\",\"isPartOf\":{\"@id\":\"https:\/\/hkc-core.com\/#website\"},\"datePublished\":\"2021-10-01T15:02:01+00:00\",\"dateModified\":\"2021-10-11T15:20:02+00:00\",\"breadcrumb\":{\"@id\":\"https:\/\/hkc-core.com\/terms-and-conditions\/#breadcrumb\"},\"inLanguage\":\"es\",\"potentialAction\":[{\"@type\":\"ReadAction\",\"target\":[\"https:\/\/hkc-core.com\/terms-and-conditions\/\"]}]},{\"@type\":\"BreadcrumbList\",\"@id\":\"https:\/\/hkc-core.com\/terms-and-conditions\/#breadcrumb\",\"itemListElement\":[{\"@type\":\"ListItem\",\"position\":1,\"name\":\"Home\",\"item\":\"https:\/\/hkc-core.com\/\"},{\"@type\":\"ListItem\",\"position\":2,\"name\":\"Terms and Conditions\"}]},{\"@type\":\"WebSite\",\"@id\":\"https:\/\/hkc-core.com\/#website\",\"url\":\"https:\/\/hkc-core.com\/\",\"name\":\"HK C.Core\",\"description\":\"Secure, reliable and cost-effective trading solutions\",\"potentialAction\":[{\"@type\":\"SearchAction\",\"target\":{\"@type\":\"EntryPoint\",\"urlTemplate\":\"https:\/\/hkc-core.com\/?s={search_term_string}\"},\"query-input\":{\"@type\":\"PropertyValueSpecification\",\"valueRequired\":true,\"valueName\":\"search_term_string\"}}],\"inLanguage\":\"es\"}]}<\/script>\n<!-- \/ Yoast SEO plugin. -->","yoast_head_json":{"title":"Terms and Conditions - HK C.Core","robots":{"index":"index","follow":"follow","max-snippet":"max-snippet:-1","max-image-preview":"max-image-preview:large","max-video-preview":"max-video-preview:-1"},"canonical":"https:\/\/hkc-core.com\/es\/terms-and-conditions\/","og_locale":"es_ES","og_type":"article","og_title":"Terms and Conditions - HK C.Core","og_description":"Welcome to www.hkc-core.com.\u00a0 By using one of our websites (\u201cSite\u201d), you are agreeing to comply with and be bound by the following terms and conditions of use, which together with our Privacy Notice govern the relationship between you and\u00a0HK C. Core (\u201cHK C. Core\u201d), provider of the Site, in your use of the Site. The [&hellip;]","og_url":"https:\/\/hkc-core.com\/es\/terms-and-conditions\/","og_site_name":"HK C.Core","article_modified_time":"2021-10-11T15:20:02+00:00","twitter_card":"summary_large_image","twitter_misc":{"Tiempo de lectura":"5 minutos"},"schema":{"@context":"https:\/\/schema.org","@graph":[{"@type":"WebPage","@id":"https:\/\/hkc-core.com\/terms-and-conditions\/","url":"https:\/\/hkc-core.com\/terms-and-conditions\/","name":"Terms and Conditions - HK C.Core","isPartOf":{"@id":"https:\/\/hkc-core.com\/#website"},"datePublished":"2021-10-01T15:02:01+00:00","dateModified":"2021-10-11T15:20:02+00:00","breadcrumb":{"@id":"https:\/\/hkc-core.com\/terms-and-conditions\/#breadcrumb"},"inLanguage":"es","potentialAction":[{"@type":"ReadAction","target":["https:\/\/hkc-core.com\/terms-and-conditions\/"]}]},{"@type":"BreadcrumbList","@id":"https:\/\/hkc-core.com\/terms-and-conditions\/#breadcrumb","itemListElement":[{"@type":"ListItem","position":1,"name":"Home","item":"https:\/\/hkc-core.com\/"},{"@type":"ListItem","position":2,"name":"Terms and Conditions"}]},{"@type":"WebSite","@id":"https:\/\/hkc-core.com\/#website","url":"https:\/\/hkc-core.com\/","name":"HK C.Core","description":"Secure, reliable and cost-effective trading solutions","potentialAction":[{"@type":"SearchAction","target":{"@type":"EntryPoint","urlTemplate":"https:\/\/hkc-core.com\/?s={search_term_string}"},"query-input":{"@type":"PropertyValueSpecification","valueRequired":true,"valueName":"search_term_string"}}],"inLanguage":"es"}]}},"_links":{"self":[{"href":"https:\/\/hkc-core.com\/es\/wp-json\/wp\/v2\/pages\/970","targetHints":{"allow":["GET"]}}],"collection":[{"href":"https:\/\/hkc-core.com\/es\/wp-json\/wp\/v2\/pages"}],"about":[{"href":"https:\/\/hkc-core.com\/es\/wp-json\/wp\/v2\/types\/page"}],"author":[{"embeddable":true,"href":"https:\/\/hkc-core.com\/es\/wp-json\/wp\/v2\/users\/2"}],"replies":[{"embeddable":true,"href":"https:\/\/hkc-core.com\/es\/wp-json\/wp\/v2\/comments?post=970"}],"version-history":[{"count":19,"href":"https:\/\/hkc-core.com\/es\/wp-json\/wp\/v2\/pages\/970\/revisions"}],"predecessor-version":[{"id":1180,"href":"https:\/\/hkc-core.com\/es\/wp-json\/wp\/v2\/pages\/970\/revisions\/1180"}],"wp:attachment":[{"href":"https:\/\/hkc-core.com\/es\/wp-json\/wp\/v2\/media?parent=970"}],"curies":[{"name":"wp","href":"https:\/\/api.w.org\/{rel}","templated":true}]}}