{"id":578,"date":"2021-09-27T22:18:55","date_gmt":"2021-09-27T22:18:55","guid":{"rendered":"https:\/\/hkc-core.com\/?page_id=578"},"modified":"2021-10-11T14:53:33","modified_gmt":"2021-10-11T14:53:33","slug":"home","status":"publish","type":"page","link":"https:\/\/hkc-core.com\/es\/","title":{"rendered":"Inicio"},"content":{"rendered":"<div data-elementor-type=\"wp-post\" data-elementor-id=\"578\" class=\"elementor elementor-578\">\n\t\t\t\t\t\t<section class=\"elementor-section elementor-top-section elementor-element elementor-element-55c1899 elementor-section-full_width elementor-section-height-default elementor-section-height-default\" data-id=\"55c1899\" data-element_type=\"section\">\n\t\t\t\t\t\t<div class=\"elementor-container elementor-column-gap-default\">\n\t\t\t\t\t<div class=\"elementor-column elementor-col-100 elementor-top-column elementor-element elementor-element-493f6cb\" data-id=\"493f6cb\" data-element_type=\"column\">\n\t\t\t<div class=\"elementor-widget-wrap elementor-element-populated\">\n\t\t\t\t\t\t<div class=\"elementor-element elementor-element-a03ce0e elementor-align-left elementor-widget elementor-widget-bdevs-slider\" data-id=\"a03ce0e\" data-element_type=\"widget\" data-widget_type=\"bdevs-slider.default\">\n\t\t\t\t<div class=\"elementor-widget-container\">\n\t\t\t\t\t       \t<!-- slider-start -->\r\n        <div class=\"slider-area\">\r\n            <div class=\"single-slider slider-02-height\" style=\"background-image:url(https:\/\/hkc-core.com\/wp-content\/uploads\/2021\/09\/main-home-slider-01.jpg)\">\r\n                <div class=\"container\">\r\n                    <div class=\"row slider-03-space\">\r\n                        <div class=\"col-xl-8 col-lg-8\">\r\n                            <div class=\"slider-text\">\r\n                                <h2>Sobre <br>\nHK C. Core \n<p style=\"font-size:20px;color:#fff;margin-top:20px\">We are a company specialized in the import and export of electronic devices business that has the necessary knowledge to help any kind of organizations with these kind of needs, regardless of their size, location or type of industry.<\/p>\n<\/h2>\r\n                                <div class=\"slider-button\">\r\n                                \t                                    <a class=\"btn\" href=\"\/es\/about\/\">M\u00e1s detalles <i class=\"far fa-paper-plane\"><\/i><\/a>\r\n                                                                                                        <\/div>\r\n                            <\/div>\r\n                        <\/div>\r\n                                            <\/div>\r\n                <\/div>\r\n            <\/div>\r\n       <\/div>\r\n       <!-- slider-start -->\r\n   \t\t\t\t\t<\/div>\n\t\t\t\t<\/div>\n\t\t\t\t<div class=\"elementor-element elementor-element-b9626c0 elementor-align-left elementor-widget elementor-widget-bdevs-services\" data-id=\"b9626c0\" data-element_type=\"widget\" data-widget_type=\"bdevs-services.default\">\n\t\t\t\t<div class=\"elementor-widget-container\">\n\t\t\t\t\t        <!-- features-area-start -->\r\n       \t<div class=\"features-01-area pb-30 pt-55\">\r\n            <div class=\"container\">\r\n                <div class=\"row\">\r\n                \t\t\t\t\t\t\t\t\t\t\t                    <div class=\"col-xl-4 col-lg-4 col-md-6\">\r\n                        <div class=\"features-wrapper features-01-wrapper mb-30\">\r\n                            <div class=\"features-icon-img f-left\">\r\n                               <img decoding=\"async\" src=\"https:\/\/hkc-core.com\/wp-content\/uploads\/2020\/06\/001.png\" alt=\"\">\r\n                            <\/div>\r\n                            <div class=\"features-text\">\r\n                                <h3>Env\u00edos por Tierra<br>\n-<\/h3>\r\n                                <p>Cualquier tama\u00f1o <\/p>\r\n                                <div class=\"b-button b-02-button\">\r\n                                   <a href=\"\"><\/a>\r\n                                <\/div>\r\n                            <\/div>\r\n                        <\/div>\r\n                    <\/div>\r\n                    \t\t\t\t\t\t\t\t\t\t                    <div class=\"col-xl-4 col-lg-4 col-md-6\">\r\n                        <div class=\"features-wrapper features-01-wrapper mb-30\">\r\n                            <div class=\"features-icon-img f-left\">\r\n                               <img decoding=\"async\" src=\"https:\/\/hkc-core.com\/wp-content\/uploads\/2020\/06\/002.png\" alt=\"\">\r\n                            <\/div>\r\n                            <div class=\"features-text\">\r\n                                <h3>Env\u00edos por Mar<br>\n-<\/h3>\r\n                                <p>Cualquier lugar <\/p>\r\n                                <div class=\"b-button b-02-button\">\r\n                                   <a href=\"\"><\/a>\r\n                                <\/div>\r\n                            <\/div>\r\n                        <\/div>\r\n                    <\/div>\r\n                    \t\t\t\t\t\t\t\t\t\t                    <div class=\"col-xl-4 col-lg-4 col-md-6\">\r\n                        <div class=\"features-wrapper features-01-wrapper mb-30\">\r\n                            <div class=\"features-icon-img f-left\">\r\n                               <img decoding=\"async\" src=\"https:\/\/hkc-core.com\/wp-content\/uploads\/2020\/06\/003.png\" alt=\"\">\r\n                            <\/div>\r\n                            <div class=\"features-text\">\r\n                                <h3>Env\u00edos por <br>Aire<br>\n-<\/h3>\r\n                                <p>Cualquier industria <\/p>\r\n                                <div class=\"b-button b-02-button\">\r\n                                   <a href=\"\"><\/a>\r\n                                <\/div>\r\n                            <\/div>\r\n                        <\/div>\r\n                    <\/div>\r\n                                    <\/div>\r\n            <\/div>\r\n        <\/div>\r\n        <!-- features-area-end -->\r\n        \t\t\t<\/div>\n\t\t\t\t<\/div>\n\t\t\t\t\t<\/div>\n\t\t<\/div>\n\t\t\t\t\t<\/div>\n\t\t<\/section>\n\t\t\t\t<section class=\"elementor-section elementor-top-section elementor-element elementor-element-468d2840 elementor-section-boxed elementor-section-height-default elementor-section-height-default\" data-id=\"468d2840\" data-element_type=\"section\">\n\t\t\t\t\t\t<div class=\"elementor-container elementor-column-gap-default\">\n\t\t\t\t\t<div class=\"elementor-column elementor-col-50 elementor-top-column elementor-element elementor-element-12bfd969\" data-id=\"12bfd969\" data-element_type=\"column\">\n\t\t\t<div class=\"elementor-widget-wrap elementor-element-populated\">\n\t\t\t\t\t\t<div class=\"elementor-element elementor-element-2568815 elementor-widget elementor-widget-text-editor\" data-id=\"2568815\" data-element_type=\"widget\" data-widget_type=\"text-editor.default\">\n\t\t\t\t<div class=\"elementor-widget-container\">\n\t\t\t\t\t\t\t<h1>Our company is a specialist in the trade of electronic devices<\/h1>\t\t\t\t\t\t<\/div>\n\t\t\t\t<\/div>\n\t\t\t\t\t<\/div>\n\t\t<\/div>\n\t\t\t\t<div class=\"elementor-column elementor-col-50 elementor-top-column elementor-element elementor-element-6d13cec\" data-id=\"6d13cec\" data-element_type=\"column\">\n\t\t\t<div class=\"elementor-widget-wrap elementor-element-populated\">\n\t\t\t\t\t\t<div class=\"elementor-element elementor-element-7afbe61 elementor-widget elementor-widget-text-editor\" data-id=\"7afbe61\" data-element_type=\"widget\" data-widget_type=\"text-editor.default\">\n\t\t\t\t<div class=\"elementor-widget-container\">\n\t\t\t\t\t\t\t<h4>Dedicated to the B2B business of wholesale of electronic products and components.<\/h4><p>The basis of our business is logistics in terms of import and delivery of electronic products and components to other companies seeking to satisfy their markets in the right quantity and on the right delivery date.<\/p>\t\t\t\t\t\t<\/div>\n\t\t\t\t<\/div>\n\t\t\t\t\t<\/div>\n\t\t<\/div>\n\t\t\t\t\t<\/div>\n\t\t<\/section>\n\t\t\t\t<section class=\"elementor-section elementor-top-section elementor-element elementor-element-147665b elementor-section-full_width elementor-section-height-default elementor-section-height-default\" data-id=\"147665b\" data-element_type=\"section\">\n\t\t\t\t\t\t<div class=\"elementor-container elementor-column-gap-default\">\n\t\t\t\t\t<div class=\"elementor-column elementor-col-100 elementor-top-column elementor-element elementor-element-17e5928\" data-id=\"17e5928\" data-element_type=\"column\">\n\t\t\t<div class=\"elementor-widget-wrap elementor-element-populated\">\n\t\t\t\t\t\t<div class=\"elementor-element elementor-element-38382a4 elementor-align-left elementor-widget elementor-widget-bdevs-about\" data-id=\"38382a4\" data-element_type=\"widget\" data-widget_type=\"bdevs-about.default\">\n\t\t\t\t<div class=\"elementor-widget-container\">\n\t\t\t\t\t        <!-- about-us-area-start -->\r\n        <div class=\"about-02-area about-padding pt-130 pb-130\">\r\n            <div class=\"container\">\r\n                <div class=\"row\">\r\n                    <div class=\"col-xl-6 col-lg-6\">\r\n                        <div class=\"about-02-img pos-rel mb-30\">\r\n                            <img decoding=\"async\" src=\"https:\/\/hkc-core.com\/wp-content\/uploads\/2021\/09\/icon-home-c-core.png\" alt=\"\">\r\n                                                        <div class=\"about-02-info\">\r\n                                <div class=\"about-info-date f-left\">\r\n                                    <h2>10 <span>+<\/span><\/h2>\r\n                                <\/div>\r\n                                <div class=\"about-info-content\">\r\n                                   <h3>A\u00f1os de <br> Experiencia<\/h3>\r\n                                <\/div>\r\n                            <\/div>\r\n                                                    <\/div>\r\n                    <\/div>\r\n                    <div class=\"col-xl-6 col-lg-6\">\r\n                        <div class=\"about-02-wrapper mb-30\">\r\n                            <div class=\"section-title pos-rel mb-40\">\r\n                            \t                                <h1>HK<\/h1>\r\n                            \t                            \t                                <span class=\"line\">HK C. Core <\/span>\r\n                                                                                                <h2>Cuando se trata de comercio <\/h2>\r\n                                                            <\/div>\r\n                            \t\t\t\t\t\t\t\t\t\t\t\t\t\t                            <div class=\"about-info-list\">\r\n                                <div class=\"about-info-icon f-left\">\r\n                                    <img decoding=\"async\" src=\"\" alt=\"\">\r\n                                <\/div>\r\n                                <div class=\"about-info-text\">\r\n                                    <h4>Se necesita un socio estable y fiable<\/h4>\r\n                                    <p>que domine la log\u00edstica necesaria para completar un proceso de importaci\u00f3n o exportaci\u00f3n con \u00e9xito.\n<br>\nHK C. Core has the ability to handle all kind of electronic devices international trade to buy and sell goods in a safe and efficient manner. We know your time is extremely valuable and that\u2019s when we come aboard, handling your shipping needs for you and letting focus on the expansion of your business. <\/p>\r\n                                <\/div>\r\n                            <\/div>\r\n                            \t\t\t\t\t\t\t\t\t\t\t\t\t\t                            <div class=\"about-info-list\">\r\n                                <div class=\"about-info-icon f-left\">\r\n                                    <img decoding=\"async\" src=\"\" alt=\"\">\r\n                                <\/div>\r\n                                <div class=\"about-info-text\">\r\n                                    <h4>Como empresa de larga trayectoria en el mercado<\/h4>\r\n                                    <p>we guarantee that the commercialization of your products and foreign trade processes, among other services we offer, will have a satisfactory outcome. HK C. Core has been in this business for decades helping its customers to expand their overall horizon.<\/p>\r\n                                <\/div>\r\n                            <\/div>\r\n                                                    <\/div>\r\n                    <\/div>\r\n                <\/div>\r\n            <\/div>\r\n        <\/div>\r\n        <!-- about-us-area-end -->\r\n        \t\t\t<\/div>\n\t\t\t\t<\/div>\n\t\t\t\t<div class=\"elementor-element elementor-element-58e5c5f elementor-align-left elementor-widget elementor-widget-bdevs-about\" data-id=\"58e5c5f\" data-element_type=\"widget\" data-widget_type=\"bdevs-about.default\">\n\t\t\t\t<div class=\"elementor-widget-container\">\n\t\t\t\t\t        <div class=\"skills-area pos-rel pt-130 pb-100\">\r\n            <div class=\"container\">\r\n                <div class=\"row\">\r\n                    <div class=\"col-xl-6 col-lg-6\">\r\n                        <div class=\"skills-02-wrapper mb-30\">\r\n                            <div class=\"section-title pos-rel mb-40\">\r\n                            \t                                <h1>ONE<\/h1>\r\n                            \t                            \t                                <span class=\"line\">Nuestro objetivo n\u00famero uno es ayudarle a<\/span>\r\n                                                                                                <h2>Alcanzar sus Objetivos<\/h2>\r\n                                                                                                <p>En esta materia para que pueda centrarse en la gesti\u00f3n real de su negocio. De este modo, reducir\u00e1 los costes y ahorrar\u00e1 tiempo. Deje que los expertos env\u00eden su mercanc\u00eda a cualquier parte del mundo. Ellos son los que mejor conocen todos los pasos necesarios a seguir en cuanto a aduanas, permisos, requisitos y documentaci\u00f3n que necesitar\u00e1 para comprar y vender productos a nivel mundial y evitar cualquier posible complicaci\u00f3n durante el proceso.<\/p><p>HK C. Core will provide you with the best of high quality service at low cost. Our prosperity is established on our responsibility and capacity to ship your goods anywhere, guaranteeing that you can keep your stock lines moving along as planned and proficiently.<\/p><p>Independientemente de que busque un env\u00edo terrestre, a\u00e9reo o mar\u00edtimo, nuestro grupo de especialistas de la asociaci\u00f3n de primera clase, conocido en todo el mundo, realizar\u00e1 las entregas a tiempo y se encargar\u00e1 de todas las gestiones por usted.<\/p><p><strong>Ofrezca a su empresa soluciones seguras, fiables y rentables.<\/strong><\/p>                            \t                            <\/div>\r\n                                                        <div class=\"skills-button mt-40\">\r\n                                <a class=\"btn\" href=\"\/es\/contact\/\">Vamos! <i class=\"far fa-paper-plane\"><\/i><\/a>\r\n                            <\/div>\r\n                                                    <\/div>\r\n                    <\/div>\r\n                    <div class=\"col-xl-6 col-lg-6\">\r\n                        <div class=\"about-img mb-30\">\r\n                            <img decoding=\"async\" src=\"https:\/\/hkc-core.com\/wp-content\/uploads\/2021\/09\/hkc-core-about-home.jpg\" alt=\"\">\r\n                        <\/div>\r\n                    <\/div>\r\n                <\/div>\r\n            <\/div>\r\n        <\/div>\r\n        \t\t\t<\/div>\n\t\t\t\t<\/div>\n\t\t\t\t\t<\/div>\n\t\t<\/div>\n\t\t\t\t\t<\/div>\n\t\t<\/section>\n\t\t\t\t<\/div>","protected":false},"excerpt":{"rendered":"<p>About HK C. Core We are a company specialized in the import and export of electronic devices business that has the necessary knowledge to help any kind of organizations with these kind of needs, regardless of their size, location or type of industry. More Details Ground Shipping Any size Sea Shipping Any location Air Shipping [&hellip;]<\/p>","protected":false},"author":2,"featured_media":0,"parent":0,"menu_order":0,"comment_status":"closed","ping_status":"closed","template":"page-templates\/home-3.php","meta":{"_monsterinsights_skip_tracking":false,"_monsterinsights_sitenote_active":false,"_monsterinsights_sitenote_note":"","_monsterinsights_sitenote_category":0,"footnotes":""},"class_list":["post-578","page","type-page","status-publish","hentry"],"yoast_head":"<!-- This site is optimized with the Yoast SEO plugin v24.4 - https:\/\/yoast.com\/wordpress\/plugins\/seo\/ -->\n<title>Home - HK C.Core<\/title>\n<meta name=\"robots\" content=\"index, follow, max-snippet:-1, max-image-preview:large, max-video-preview:-1\" \/>\n<link rel=\"canonical\" href=\"https:\/\/hkc-core.com\/es\/\" \/>\n<meta property=\"og:locale\" content=\"es_ES\" \/>\n<meta property=\"og:type\" content=\"article\" \/>\n<meta property=\"og:title\" content=\"Home - HK C.Core\" \/>\n<meta property=\"og:description\" content=\"About HK C. Core We are a company specialized in the import and export of electronic devices business that has the necessary knowledge to help any kind of organizations with these kind of needs, regardless of their size, location or type of industry. More Details Ground Shipping Any size Sea Shipping Any location Air Shipping [&hellip;]\" \/>\n<meta property=\"og:url\" content=\"https:\/\/hkc-core.com\/es\/\" \/>\n<meta property=\"og:site_name\" content=\"HK C.Core\" \/>\n<meta property=\"article:modified_time\" content=\"2021-10-11T14:53:33+00:00\" \/>\n<meta property=\"og:image\" content=\"https:\/\/hkc-core.com\/wp-content\/uploads\/2020\/06\/001.png\" \/>\n<meta name=\"twitter:card\" content=\"summary_large_image\" \/>\n<meta name=\"twitter:label1\" content=\"Tiempo de lectura\" \/>\n\t<meta name=\"twitter:data1\" content=\"4 minutos\" \/>\n<script type=\"application\/ld+json\" class=\"yoast-schema-graph\">{\"@context\":\"https:\/\/schema.org\",\"@graph\":[{\"@type\":\"WebPage\",\"@id\":\"https:\/\/hkc-core.com\/\",\"url\":\"https:\/\/hkc-core.com\/\",\"name\":\"Home - HK C.Core\",\"isPartOf\":{\"@id\":\"https:\/\/hkc-core.com\/#website\"},\"primaryImageOfPage\":{\"@id\":\"https:\/\/hkc-core.com\/#primaryimage\"},\"image\":{\"@id\":\"https:\/\/hkc-core.com\/#primaryimage\"},\"thumbnailUrl\":\"https:\/\/hkc-core.com\/wp-content\/uploads\/2020\/06\/001.png\",\"datePublished\":\"2021-09-27T22:18:55+00:00\",\"dateModified\":\"2021-10-11T14:53:33+00:00\",\"breadcrumb\":{\"@id\":\"https:\/\/hkc-core.com\/#breadcrumb\"},\"inLanguage\":\"es\",\"potentialAction\":[{\"@type\":\"ReadAction\",\"target\":[\"https:\/\/hkc-core.com\/\"]}]},{\"@type\":\"ImageObject\",\"inLanguage\":\"es\",\"@id\":\"https:\/\/hkc-core.com\/#primaryimage\",\"url\":\"https:\/\/hkc-core.com\/wp-content\/uploads\/2020\/06\/001.png\",\"contentUrl\":\"https:\/\/hkc-core.com\/wp-content\/uploads\/2020\/06\/001.png\"},{\"@type\":\"BreadcrumbList\",\"@id\":\"https:\/\/hkc-core.com\/#breadcrumb\",\"itemListElement\":[{\"@type\":\"ListItem\",\"position\":1,\"name\":\"Home\",\"item\":\"https:\/\/hkc-core.com\/\"},{\"@type\":\"ListItem\",\"position\":2,\"name\":\"Home\"}]},{\"@type\":\"WebSite\",\"@id\":\"https:\/\/hkc-core.com\/#website\",\"url\":\"https:\/\/hkc-core.com\/\",\"name\":\"HK C.Core\",\"description\":\"Secure, reliable and cost-effective trading solutions\",\"potentialAction\":[{\"@type\":\"SearchAction\",\"target\":{\"@type\":\"EntryPoint\",\"urlTemplate\":\"https:\/\/hkc-core.com\/?s={search_term_string}\"},\"query-input\":{\"@type\":\"PropertyValueSpecification\",\"valueRequired\":true,\"valueName\":\"search_term_string\"}}],\"inLanguage\":\"es\"}]}<\/script>\n<!-- \/ Yoast SEO plugin. -->","yoast_head_json":{"title":"Home - HK C.Core","robots":{"index":"index","follow":"follow","max-snippet":"max-snippet:-1","max-image-preview":"max-image-preview:large","max-video-preview":"max-video-preview:-1"},"canonical":"https:\/\/hkc-core.com\/es\/","og_locale":"es_ES","og_type":"article","og_title":"Home - HK C.Core","og_description":"About HK C. Core We are a company specialized in the import and export of electronic devices business that has the necessary knowledge to help any kind of organizations with these kind of needs, regardless of their size, location or type of industry. More Details Ground Shipping Any size Sea Shipping Any location Air Shipping [&hellip;]","og_url":"https:\/\/hkc-core.com\/es\/","og_site_name":"HK C.Core","article_modified_time":"2021-10-11T14:53:33+00:00","og_image":[{"url":"https:\/\/hkc-core.com\/wp-content\/uploads\/2020\/06\/001.png","type":"","width":"","height":""}],"twitter_card":"summary_large_image","twitter_misc":{"Tiempo de lectura":"4 minutos"},"schema":{"@context":"https:\/\/schema.org","@graph":[{"@type":"WebPage","@id":"https:\/\/hkc-core.com\/","url":"https:\/\/hkc-core.com\/","name":"Home - HK C.Core","isPartOf":{"@id":"https:\/\/hkc-core.com\/#website"},"primaryImageOfPage":{"@id":"https:\/\/hkc-core.com\/#primaryimage"},"image":{"@id":"https:\/\/hkc-core.com\/#primaryimage"},"thumbnailUrl":"https:\/\/hkc-core.com\/wp-content\/uploads\/2020\/06\/001.png","datePublished":"2021-09-27T22:18:55+00:00","dateModified":"2021-10-11T14:53:33+00:00","breadcrumb":{"@id":"https:\/\/hkc-core.com\/#breadcrumb"},"inLanguage":"es","potentialAction":[{"@type":"ReadAction","target":["https:\/\/hkc-core.com\/"]}]},{"@type":"ImageObject","inLanguage":"es","@id":"https:\/\/hkc-core.com\/#primaryimage","url":"https:\/\/hkc-core.com\/wp-content\/uploads\/2020\/06\/001.png","contentUrl":"https:\/\/hkc-core.com\/wp-content\/uploads\/2020\/06\/001.png"},{"@type":"BreadcrumbList","@id":"https:\/\/hkc-core.com\/#breadcrumb","itemListElement":[{"@type":"ListItem","position":1,"name":"Home","item":"https:\/\/hkc-core.com\/"},{"@type":"ListItem","position":2,"name":"Home"}]},{"@type":"WebSite","@id":"https:\/\/hkc-core.com\/#website","url":"https:\/\/hkc-core.com\/","name":"HK C.Core","description":"Secure, reliable and cost-effective trading solutions","potentialAction":[{"@type":"SearchAction","target":{"@type":"EntryPoint","urlTemplate":"https:\/\/hkc-core.com\/?s={search_term_string}"},"query-input":{"@type":"PropertyValueSpecification","valueRequired":true,"valueName":"search_term_string"}}],"inLanguage":"es"}]}},"_links":{"self":[{"href":"https:\/\/hkc-core.com\/es\/wp-json\/wp\/v2\/pages\/578","targetHints":{"allow":["GET"]}}],"collection":[{"href":"https:\/\/hkc-core.com\/es\/wp-json\/wp\/v2\/pages"}],"about":[{"href":"https:\/\/hkc-core.com\/es\/wp-json\/wp\/v2\/types\/page"}],"author":[{"embeddable":true,"href":"https:\/\/hkc-core.com\/es\/wp-json\/wp\/v2\/users\/2"}],"replies":[{"embeddable":true,"href":"https:\/\/hkc-core.com\/es\/wp-json\/wp\/v2\/comments?post=578"}],"version-history":[{"count":126,"href":"https:\/\/hkc-core.com\/es\/wp-json\/wp\/v2\/pages\/578\/revisions"}],"predecessor-version":[{"id":1165,"href":"https:\/\/hkc-core.com\/es\/wp-json\/wp\/v2\/pages\/578\/revisions\/1165"}],"wp:attachment":[{"href":"https:\/\/hkc-core.com\/es\/wp-json\/wp\/v2\/media?parent=578"}],"curies":[{"name":"wp","href":"https:\/\/api.w.org\/{rel}","templated":true}]}}